{"id":251,"date":"2022-11-16T11:48:16","date_gmt":"2022-11-16T10:48:16","guid":{"rendered":"https:\/\/wanyogapilates.it\/?page_id=251"},"modified":"2025-10-22T14:07:48","modified_gmt":"2025-10-22T13:07:48","slug":"termini-condizioni","status":"publish","type":"page","link":"https:\/\/wanyogapilates.it\/index.php\/termini-condizioni\/","title":{"rendered":"Termini &#038; Condizioni"},"content":{"rendered":"\t\t<div data-elementor-type=\"wp-page\" data-elementor-id=\"251\" class=\"elementor elementor-251\" data-elementor-post-type=\"page\">\n\t\t\t\t\t\t<section class=\"elementor-section elementor-top-section elementor-element elementor-element-36fcf146 elementor-section-boxed elementor-section-height-default elementor-section-height-default\" data-id=\"36fcf146\" data-element_type=\"section\">\n\t\t\t\t\t\t<div class=\"elementor-container elementor-column-gap-default\">\n\t\t\t\t\t<div class=\"elementor-column elementor-col-100 elementor-top-column elementor-element elementor-element-29dca088\" data-id=\"29dca088\" data-element_type=\"column\">\n\t\t\t<div class=\"elementor-widget-wrap\">\n\t\t\t\t\t\t\t<\/div>\n\t\t<\/div>\n\t\t\t\t\t<\/div>\n\t\t<\/section>\n\t\t\t\t<section class=\"elementor-section elementor-top-section elementor-element elementor-element-317d1971 elementor-section-height-min-height elementor-section-boxed elementor-section-height-default elementor-section-items-middle\" data-id=\"317d1971\" data-element_type=\"section\" data-settings=\"{&quot;background_background&quot;:&quot;classic&quot;,&quot;shape_divider_bottom&quot;:&quot;waves&quot;}\">\n\t\t\t\t\t\t\t<div class=\"elementor-background-overlay\"><\/div>\n\t\t\t\t\t\t<div class=\"elementor-shape elementor-shape-bottom\" aria-hidden=\"true\" data-negative=\"false\">\n\t\t\t<svg xmlns=\"http:\/\/www.w3.org\/2000\/svg\" viewBox=\"0 0 1000 100\" preserveAspectRatio=\"none\">\n\t<path class=\"elementor-shape-fill\" d=\"M421.9,6.5c22.6-2.5,51.5,0.4,75.5,5.3c23.6,4.9,70.9,23.5,100.5,35.7c75.8,32.2,133.7,44.5,192.6,49.7\n\tc23.6,2.1,48.7,3.5,103.4-2.5c54.7-6,106.2-25.6,106.2-25.6V0H0v30.3c0,0,72,32.6,158.4,30.5c39.2-0.7,92.8-6.7,134-22.4\n\tc21.2-8.1,52.2-18.2,79.7-24.2C399.3,7.9,411.6,7.5,421.9,6.5z\"\/>\n<\/svg>\t\t<\/div>\n\t\t\t\t\t<div class=\"elementor-container elementor-column-gap-no\">\n\t\t\t\t\t<div class=\"elementor-column elementor-col-100 elementor-top-column elementor-element elementor-element-d36329e\" data-id=\"d36329e\" data-element_type=\"column\" data-settings=\"{&quot;background_background&quot;:&quot;classic&quot;}\">\n\t\t\t<div class=\"elementor-widget-wrap elementor-element-populated\">\n\t\t\t\t\t\t<div class=\"elementor-element elementor-element-538dea32 elementor-widget elementor-widget-heading\" data-id=\"538dea32\" data-element_type=\"widget\" data-widget_type=\"heading.default\">\n\t\t\t\t<div class=\"elementor-widget-container\">\n\t\t\t\t\t<h1 class=\"elementor-heading-title elementor-size-default\">Termini &amp; Condizioni<\/h1>\t\t\t\t<\/div>\n\t\t\t\t<\/div>\n\t\t\t\t\t<\/div>\n\t\t<\/div>\n\t\t\t\t\t<\/div>\n\t\t<\/section>\n\t\t\t\t<section class=\"elementor-section elementor-top-section elementor-element elementor-element-36aa8663 elementor-section-boxed elementor-section-height-default elementor-section-height-default\" data-id=\"36aa8663\" data-element_type=\"section\">\n\t\t\t\t\t\t<div class=\"elementor-container elementor-column-gap-default\">\n\t\t\t\t\t<div class=\"elementor-column elementor-col-100 elementor-top-column elementor-element elementor-element-4f61de3b\" data-id=\"4f61de3b\" data-element_type=\"column\">\n\t\t\t<div class=\"elementor-widget-wrap elementor-element-populated\">\n\t\t\t\t\t\t<div class=\"elementor-element elementor-element-5d2fc93 elementor-widget elementor-widget-text-editor\" data-id=\"5d2fc93\" data-element_type=\"widget\" data-widget_type=\"text-editor.default\">\n\t\t\t\t<div class=\"elementor-widget-container\">\n\t\t\t\t\t\t\t\t\t<h3>Condizioni di vendita<\/h3>\n<p>Le presenti condizioni generali di vendita (d\u2019ora in poi \u201cCondizioni Generali\u201d) disciplinano le modalit\u00e0 e le condizioni di vendita dei prodotti commercializzati dal Venditore attraverso il proprio sito internet (d\u2019ora in poi \u201cProdotti\u201d). Tutti i contratti per la vendita di Prodotti da parte del Venditore a terzi (i \u201cClienti\u201d) sono regolati dalle presenti Condizioni Generali, le quali formano parte integrante e sostanziale di ogni proposta, ordine e conferma d\u2019ordine di acquisto dei Prodotti stessi. Le condizioni di vendita applicate al tuo ordine sono quelle in vigore alla data della tua conferma dell\u2019ordine.<\/p>\n<ul>\n<li>\u2022 1 \u2013 Modalit\u00e0 di vendita<\/li>\n<li>\u2022 2 \u2013 Modalit\u00e0 di pagamento<\/li>\n<li>\u2022 3 \u2013 Caratteristiche tecniche dei prodotti<\/li>\n<li>\u2022 4 \u2013 Prezzi dei prodotti<\/li>\n<li>\u2022 5 \u2013 Garanzie e responsabilit\u00e0<\/li>\n<li>\u2022 6 \u2013 Spedizioni<\/li>\n<li>\u2022 7 \u2013 Diritto di recesso e resi<\/li>\n<li>\u2022 8 \u2013 Foro competente<\/li>\n<\/ul>\n<p><strong><br><\/strong><\/p><p><strong>1 \u2013 Modalit\u00e0 di vendita<\/strong><\/p>\n<p>Dopo aver messo gli articoli nel carrello, procedi con l\u2019invio dell\u2019ordine, non appena lo riceviamo ti rispondiamo via mail o telefono segnalandoti la disponibilit\u00e0 degli articoli, i tempi di consegna il costo del trasporto e l\u2019importo totale (di solito scontato) dell\u2019ordine comprese le spese di spedizione e le modalit\u00e0 di pagamento. A questo punto puoi decidere se confermare il tuo ordine rispondendo alla mail ed indicandoci la modalit\u00e0 di pagamento che preferisci, oppure annullare l\u2019ordine. Semplice sicuro e veloce. Ciascun ordine inviato tramite il sito ecommerce costituisce proposta contrattuale del Cliente e, pertanto, sar\u00e0 vincolante per Venditore solo se confermato per accettazione. L\u2019evasione dell\u2019ordine da parte del Venditore, equivale a conferma ed accettazione dello stesso. La documentazione fiscale che attesta l\u2019acquisto ed attiva la garanzia sui prodotti viene prodotta da Venditore in forma di Fattura di vendita al momento della spedizione dei prodotti ed inclusa nella spedizione \u00e8 pertanto necessario che il cliente comunichi il suo codice fiscale o partita iva.<\/p>\n<p><strong>2 \u2013 Modalit\u00e0 di pagamento<\/strong><\/p>\n<p>Le modalit\u00e0 di pagamento accettate dal Venditore sono: Bonifico Bancario, PayPal, e contrassegno (con alcune limitazioni). La modalit\u00e0 di pagamento sar\u00e0 scelta dal Cliente nella sua mail di conferma dell\u2019ordine.<\/p>\n<p><strong>3 \u2013 Caratteristiche tecniche dei prodotti<\/strong><\/p>\n<p>Le caratteristiche tecniche e funzionali relative ai Prodotti visualizzate sul sito internet e comunicate via telefono e\/o e-mail sono quelle comunicate dai rispettivi produttori. Non possiamo assumerci responsabilit\u00e0 riguardo la veridicit\u00e0 e completezza di tali informazioni. Salvo ove diversamente indicato, la manualistica ed i Software relativi ai Prodotti sono in lingua inglese. Le immagini dei prodotti sono indicative e non vincolanti. Nonostante possiamo fornire indicazioni sulle caratteristiche dei Prodotti, il Cliente \u00e8 responsabile della scelta dei Prodotti ordinati e della rispondenza e conformit\u00e0 delle specifiche indicate da ciascun produttore alle proprie esigenze, non rispondiamo di eventuali anomalie dovute ad un utilizzo non corretto da parte del Cliente.<\/p>\n<p><strong>4 \u2013 Prezzi dei prodotti<\/strong><\/p>\n<p>Tutti i prezzi dei Prodotti visibili sul sito sono IVA INCLUSA (22% Italiana). I prezzi dei Prodotti di volta in volta pubblicati sul sito annullano e sostituiscono i precedenti e sono subordinati alla effettiva disponibilit\u00e0 dei Prodotti. Ci riserviamo il diritto di confermare ovvero di modificare i prezzi dei Prodotti pubblicati nel proprio sito internet o in opuscoli informativi e materiale pubblicitario, al momento della mail di conferma dell\u2019ordine del Cliente (ricordiamo che in questo caso il cliente \u00e8 libero di non confermare l\u2019ordine).<\/p>\n<p><strong>5 \u2013 Garanzie e responsabilit\u00e0<\/strong><\/p>\n<p>Tutti gli articoli da noi commercializzati sono coperti da regolare garanzia del produttore\/importatore. Per avvalersi di questa \u00e8 necessario conservare lo scontrino fiscale\/fattura allegato ad ogni distinta di spedizione. Il Cliente avr\u00e0 diritto alla sola sostituzione dei Prodotti difettosi dietro restituzione degli stessi, essendo escluso il diritto del Cliente al risarcimento di qualsivoglia danno, anche ulteriore. Le spese di spedizione necessarie per la sostituzione di Prodotti sono a carico nostro. L\u2019assistenza tecnica e gli interventi in garanzia sui Prodotti vengono effettuati, ove previsti, a cura dei singoli Produttori, secondo i termini e le modalit\u00e0 riportati nella documentazione allegata ai Prodotti stessi. In particolare, il Venditore non presta alcuna garanzia circa la compatibilit\u00e0 dei Prodotti con altri prodotti o apparecchiature utilizzate dal Cliente, n\u00e9 presta alcuna garanzia riguardo l\u2019idoneit\u00e0 dei Prodotti per l\u2019uso specifico pensato dal Cliente. Fatte salve le ipotesi di dolo o colpa grave del venditore, \u00e8 sin d\u2019ora convenuto che, qualora fosse accertata la responsabilit\u00e0 del venditore, a qualsiasi titolo nei confronti del Cliente \u2013 ivi compreso il caso dell\u2019inadempimento, totale o parziale, agli obblighi assunti da Venditore nei confronti del Cliente per effetto dell\u2019esecuzione di un ordine \u2013 la responsabilit\u00e0 di Venditore non potr\u00e0 essere superiore al prezzo dei Prodotti acquistati dal Cliente e per i quali sia sorta la contestazione.<\/p>\n<p><strong>6 \u2013 Spedizione<\/strong><\/p>\n<p>Tutte le spese di consegna dei Prodotti sono a Carico del Cliente e vengono comunicate nella mail di accettazione dell\u2019ordine. Le consegne vengono normalmente effettuate tramite corriere. Venditore ha il diritto, a proprio insindacabile giudizio, di effettuare la consegna dei Prodotti ordinati a mezzo di un corriere diverso o tramite altro mezzo che ritenga opportuno. Salvo ove diversamente indicato, tutte le consegne vengono effettuate al piano stradale.<\/p>\n<p>I tempi di consegna comunicati nella mail di accettazione dell\u2019ordine devono intendersi non vincolanti per Venditore la quale pu\u00f2 successivamente confermarli o modificarli, a seconda delle proprie effettive esigenze. Eventuali ritardi nelle consegne inferiori a 30 (trenta) giorni non danno diritto al Cliente di rifiutare la consegna dei Prodotti, n\u00e9 di pretendere risarcimenti o indennizzi di sorta.<\/p>\n<p><strong>7 \u2013 Diritto di recesso e resi<\/strong><\/p>\n<p>Ai sensi dell\u2019art. 5 del D. Lgs 22 maggio 1999 n. 185, il Cliente (qualora sia qualificabile come \u201cconsumatore\u201d ai sensi dell\u2019art.1 lett. b) del D. Lgs 22 maggio 1999 n. 185) ha il diritto di recedere dal contratto e di restituire i Prodotti ordinati, senza alcuna penalit\u00e0 e senza specificarne il motivo, entro il termine di 10 (dieci) giorni lavorativi dal ricevimento dei Prodotti stessi. Il diritto di recesso dovr\u00e0 essere esercitato dal Cliente, a pena di decadenza, mediante invio di lettera raccomandata a.r. spedita al Venditore (riferimenti nella pagina contatti del sito), entro il termine di 10 (dieci) giorni lavorativi dal ricevimento dei Prodotti. Consigliamo prima di avvalersi di questo diritto di avvisarci telefonicamente.<\/p>\n<p>Il diritto di recesso non pu\u00f2 essere esercitato dal Cliente nel caso in cui i Prodotti acquistati consistano in software informatici sigillati, che siano stati aperti dal Cliente stesso. Tutti i resi (che dovranno essere perfettamente integri ed accompagnati dalla confezione originale) dovranno essere autorizzati dal Venditore e successivamente spediti a spese del Cliente all\u2019indirizzo indicato nella pagina contatti del sito. Una volta ricevuti i Prodotti (e verificata la loro integrit\u00e0) Venditore provveder\u00e0, nel pi\u00f9 breve tempo possibile, ad accreditare al Cliente il costo dei Prodotti restituiti (come indicato in fattura), trattenendo, ove necessario, l\u2019importo delle spese di spedizione che resteranno definitivamente a carico del Cliente. In caso di sostituzione del Prodotto, la spedizione aggiuntiva \u00e8 sempre da intendersi a carico del Cliente.<\/p>\n<p><strong>8 \u2013 Foro competente<\/strong><\/p>\n<p>Ferma restando l\u2019eventuale applicabilit\u00e0 di disposizioni inderogabili di legge poste a tutela dei consumatori (come definiti ai sensi dell\u2019art.1 lett. b) del D. Lgs 22 maggio 1999 n. 185), qualsiasi controversia comunque connessa alle presenti Condizioni Generali, sar\u00e0 devoluta alla competenza esclusiva del Giudice di Pace di competenza sensi e per gli effetti di cui agli articoli 1341 e 1342 del codice civile il Cliente dichiara di avere attentamente letto e compreso e di accettare specificamente le seguenti clausole delle Condizioni Generali di vendita L\u2019Esercente: in tutti i punti sopra elencati<\/p>\n<p>9-&nbsp;<em>Se compri con Scalapay ricevi il tuo ordine subito e paghi in 3 rate. Prendi atto che le rate verranno cedute a Incremento SPV S.r.l., a soggetti correlati e ai loro cessionari, e che autorizzi tale cessione.<\/em><\/p>\t\t\t\t\t\t\t\t<\/div>\n\t\t\t\t<\/div>\n\t\t\t\t\t<\/div>\n\t\t<\/div>\n\t\t\t\t\t<\/div>\n\t\t<\/section>\n\t\t\t\t<\/div>\n\t\t","protected":false},"excerpt":{"rendered":"<p>Termini &amp; Condizioni Condizioni di vendita Le presenti condizioni generali di vendita (d\u2019ora in poi \u201cCondizioni Generali\u201d) disciplinano le modalit\u00e0 e le condizioni di vendita dei prodotti commercializzati dal Venditore attraverso il proprio sito internet (d\u2019ora in poi \u201cProdotti\u201d). Tutti i contratti per la vendita di Prodotti da parte del Venditore a terzi (i \u201cClienti\u201d) [&hellip;]<\/p>\n","protected":false},"author":1,"featured_media":0,"parent":0,"menu_order":0,"comment_status":"closed","ping_status":"closed","template":"","meta":{"footnotes":""},"class_list":["post-251","page","type-page","status-publish","hentry"],"_links":{"self":[{"href":"https:\/\/wanyogapilates.it\/index.php\/wp-json\/wp\/v2\/pages\/251","targetHints":{"allow":["GET"]}}],"collection":[{"href":"https:\/\/wanyogapilates.it\/index.php\/wp-json\/wp\/v2\/pages"}],"about":[{"href":"https:\/\/wanyogapilates.it\/index.php\/wp-json\/wp\/v2\/types\/page"}],"author":[{"embeddable":true,"href":"https:\/\/wanyogapilates.it\/index.php\/wp-json\/wp\/v2\/users\/1"}],"replies":[{"embeddable":true,"href":"https:\/\/wanyogapilates.it\/index.php\/wp-json\/wp\/v2\/comments?post=251"}],"version-history":[{"count":3,"href":"https:\/\/wanyogapilates.it\/index.php\/wp-json\/wp\/v2\/pages\/251\/revisions"}],"predecessor-version":[{"id":1208,"href":"https:\/\/wanyogapilates.it\/index.php\/wp-json\/wp\/v2\/pages\/251\/revisions\/1208"}],"wp:attachment":[{"href":"https:\/\/wanyogapilates.it\/index.php\/wp-json\/wp\/v2\/media?parent=251"}],"curies":[{"name":"wp","href":"https:\/\/api.w.org\/{rel}","templated":true}]}}